{"id":725,"date":"2018-11-04T10:05:59","date_gmt":"2018-11-04T10:05:59","guid":{"rendered":"http:\/\/timbertek.eu\/?page_id=725"},"modified":"2025-06-13T08:58:06","modified_gmt":"2025-06-13T07:58:06","slug":"history","status":"publish","type":"page","link":"https:\/\/timbertek.eu\/de\/history\/","title":{"rendered":"Geschichte"},"content":{"rendered":"<h1><strong>Unsere Entwicklungsgeschichte<\/strong><\/h1>\n<p>Bevor wir mit der Herstellung\u00a0 gestartet haben, hat die erfolgreiche Firma KMT UAB lange und interessante Geschichte erlebt. Seit Er\u00f6ffnung im Jahr 2003 wurde KMT stark erweitert und hat sich bem\u00fcht, f\u00fchrende Position in der Herstellung zu \u00fcbernehmen, noch mehr \u2013 ein ehrlicher Vertreter weltweit bekannter Marken zu sein.<\/p>\n<p>In vielen Jahren schwerer Arbeit haben wir unsere Produktion und Spezifikation ausgefeilt. Dadurch wurde hohe Qualit\u00e4t unserer Erzeugnisse erreicht. Heute k\u00f6nnen wir stolz behaupten, dass wir die hohen Qualit\u00e4tsstandards erreicht haben, aber wir werden nicht halten.<\/p>\n<p>Wir sind davon \u00fcberzeugt, dass das Gewerbe genauso gut ist wie seine gestellten Ziele, deshalb f\u00fcr jeden Kunden, der uns als Partner w\u00e4hlt, versprechen wir Qualit\u00e4t. Erfahren Sie die Geschichte von der Firma KMT und wie TimberTek ein Teil von ihr wurde!<\/p>\n\n\n<p><\/p>\n","protected":false},"excerpt":{"rendered":"<div class=\"row\">\n<div class=\"col-12 text-center\">\n<h2 class=\"slogan-text\">Moderner F\u00f6rster<\/h2>\n<p class=\"subslogan-text\">Holztransporter-Aufbauten f\u00fcr Ihr Gewerbe<\/p>\n<\/p><\/div>\n<\/div>\n","protected":false},"author":1,"featured_media":720,"parent":0,"menu_order":0,"comment_status":"closed","ping_status":"closed","template":"template-history.php","meta":{"footnotes":""},"class_list":["post-725","page","type-page","status-publish","has-post-thumbnail","hentry"],"_links":{"self":[{"href":"https:\/\/timbertek.eu\/de\/wp-json\/wp\/v2\/pages\/725","targetHints":{"allow":["GET"]}}],"collection":[{"href":"https:\/\/timbertek.eu\/de\/wp-json\/wp\/v2\/pages"}],"about":[{"href":"https:\/\/timbertek.eu\/de\/wp-json\/wp\/v2\/types\/page"}],"author":[{"embeddable":true,"href":"https:\/\/timbertek.eu\/de\/wp-json\/wp\/v2\/users\/1"}],"replies":[{"embeddable":true,"href":"https:\/\/timbertek.eu\/de\/wp-json\/wp\/v2\/comments?post=725"}],"version-history":[{"count":4,"href":"https:\/\/timbertek.eu\/de\/wp-json\/wp\/v2\/pages\/725\/revisions"}],"predecessor-version":[{"id":1135,"href":"https:\/\/timbertek.eu\/de\/wp-json\/wp\/v2\/pages\/725\/revisions\/1135"}],"wp:featuredmedia":[{"embeddable":true,"href":"https:\/\/timbertek.eu\/de\/wp-json\/wp\/v2\/media\/720"}],"wp:attachment":[{"href":"https:\/\/timbertek.eu\/de\/wp-json\/wp\/v2\/media?parent=725"}],"curies":[{"name":"wp","href":"https:\/\/api.w.org\/{rel}","templated":true}]}}