{"id":824,"date":"2018-11-04T19:21:37","date_gmt":"2018-11-04T19:21:37","guid":{"rendered":"http:\/\/timbertek.eu\/?page_id=824"},"modified":"2018-11-14T12:51:55","modified_gmt":"2018-11-14T12:51:55","slug":"privacy-policy","status":"publish","type":"page","link":"https:\/\/timbertek.eu\/de\/privacy-policy\/","title":{"rendered":"Privacy Policy"},"content":{"rendered":"<p>Diese Seite informiert Sie \u00fcber unsere Richtlinien zur Erhebung, Verwendung und Weitergabe personenbezogener Daten bei der Nutzung unseres Dienstes sowie \u00fcber die mit diesen Daten verbundenen Wahlm\u00f6glichkeiten.<br \/>\nWir verwenden Ihre Daten, um den Service bereitzustellen und zu verbessern. Durch die Nutzung des Dienstes stimmen Sie der Sammlung und Verwendung von Informationen gem\u00e4\u00df dieser Richtlinie zu. Sofern in dieser Datenschutzrichtlinie nichts anderes definiert ist, haben die in dieser Datenschutzrichtlinie verwendeten Begriffe die gleichen Bedeutungen wie in unseren Allgemeinen Gesch\u00e4ftsbedingungen, die \u00fcber timbertek.com zug\u00e4nglich sind<\/p>\n<h3><strong>Sammlung und Verwendung von Informationen<\/strong><\/h3>\n<p>Wir erheben verschiedene Arten von Informationen zu verschiedenen Zwecken, um unseren Service f\u00fcr Sie bereitzustellen und zu verbessern.<\/p>\n<h3><strong>Arten der erfassten Daten<\/strong><\/h3>\n<p>Pers\u00f6nliche Daten<br \/>\nW\u00e4hrend der Nutzung unseres Dienstes k\u00f6nnen wir Sie bitten, uns bestimmte personenbezogene Daten zur Verf\u00fcgung zu stellen, mit denen Sie kontaktiert oder identifiziert werden k\u00f6nnen (\u201epersonenbezogene Daten\u201c). Pers\u00f6nlich identifizierbare Informationen k\u00f6nnen Folgendes umfassen, sind jedoch nicht darauf beschr\u00e4nkt:<\/p>\n<p>E-Mail-Addresse<br \/>\nVorname und Nachname<br \/>\nTelefonnummer<br \/>\nAdresse, Bundesland, Provinz, Postleitzahl, Stadt<br \/>\nCookies und Nutzungsdaten<br \/>\nNutzungsdaten<br \/>\nWir erfassen m\u00f6glicherweise auch Informationen dar\u00fcber, wie auf den Dienst zugegriffen wird und wie er genutzt wird (\u201eNutzungsdaten\u201c). Diese Nutzungsdaten k\u00f6nnen Informationen wie die Internetprotokolladresse (z. B. IP-Adresse) Ihres Computers, den Browsertyp, die Browserversion, die von Ihnen besuchten Seiten unseres Dienstes, den Zeitpunkt und das Datum Ihres Besuchs sowie die auf diesen Seiten verbrachte Zeit enthalten Ger\u00e4tekennungen und andere Diagnosedaten<\/p>\n<h3><strong>Tracking- &amp; Cookies-Daten<\/strong><\/h3>\n<p>Wir verwenden Cookies und \u00e4hnliche Tracking-Technologien, um die Aktivit\u00e4ten in unserem Service zu verfolgen und bestimmte Informationen zu speichern.<\/p>\n<p>Cookies sind Dateien mit geringen Datenmengen, die eine anonyme eindeutige Kennung enthalten k\u00f6nnen. Cookies werden von einer Website an Ihren Browser gesendet und auf Ihrem Ger\u00e4t gespeichert. Tracking-Technologien, die ebenfalls verwendet werden, sind Beacons, Tags und Skripts, um Informationen zu sammeln und zu verfolgen sowie unseren Service zu verbessern und zu analysieren.<\/p>\n<p>Sie k\u00f6nnen Ihren Browser anweisen, alle Cookies abzulehnen oder anzugeben, wenn ein Cookie gesendet wird. Wenn Sie jedoch keine Cookies akzeptieren, k\u00f6nnen Sie m\u00f6glicherweise einige Teile unseres Services nicht nutzen.<\/p>\n<h3><strong>Beispiele f\u00fcr Cookies verwenden wir:<\/strong><\/h3>\n<p>Session-Cookies. Wir verwenden Session-Cookies, um unseren Service zu betreiben.<br \/>\nPr\u00e4ferenz-Cookies. Wir verwenden Pr\u00e4ferenz-Cookies, um Ihre Pr\u00e4ferenzen und verschiedene Einstellungen zu speichern.<br \/>\nSicherheits-Cookies Wir verwenden Sicherheits-Cookies zu Sicherheitszwecken.<\/p>\n<h3><strong>Verwendung von Daten<\/strong><\/h3>\n<p>TimberTek verwendet die gesammelten Daten f\u00fcr verschiedene Zwecke:<\/p>\n<p>Bereitstellung und Wartung des Dienstes<br \/>\nUm Sie \u00fcber \u00c4nderungen an unserem Service zu informieren<br \/>\nUm Ihnen die Teilnahme an interaktiven Funktionen unseres Services zu erm\u00f6glichen, wenn Sie dies w\u00fcnschen<br \/>\nKundenbetreuung und -unterst\u00fctzung<br \/>\nAnalyse oder wertvolle Informationen bereitzustellen, um den Service zu verbessern<br \/>\nSo \u00fcberwachen Sie die Nutzung des Dienstes<br \/>\nUm technische Probleme zu erkennen, zu vermeiden und zu beheben<\/p>\n<h3><strong>\u00dcbertragung von Daten<\/strong><\/h3>\n<p>Ihre Informationen, einschlie\u00dflich personenbezogener Daten, k\u00f6nnen an Computer au\u00dferhalb Ihres Bundeslandes, Ihrer Provinz, Ihres Landes oder einer anderen staatlichen Gerichtsbarkeit \u00fcbermittelt und dort gespeichert werden, wo die Datenschutzgesetze von denen Ihrer Rechtsprechung abweichen k\u00f6nnen.<\/p>\n<p>Wenn Sie sich au\u00dferhalb Litauens befinden und uns Informationen zur Verf\u00fcgung stellen m\u00f6chten, beachten Sie, dass wir die Daten einschlie\u00dflich personenbezogener Daten nach Litauen \u00fcbertragen und dort verarbeiten.<\/p>\n<p>Ihre Zustimmung zu dieser Datenschutzrichtlinie gefolgt von Ihrer \u00dcbermittlung dieser Informationen bedeutet Ihre Zustimmung zu dieser \u00dcbertragung.<\/p>\n<p>TimberTek wird alle zumutbaren Schritte unternehmen, um sicherzustellen, dass Ihre Daten sicher und gem\u00e4\u00df dieser Datenschutzrichtlinie behandelt werden. Eine Weitergabe Ihrer personenbezogenen Daten an eine Organisation oder ein Land erfolgt nicht, sofern keine angemessenen Kontrollen einschlie\u00dflich der Sicherheit Ihrer Daten vorhanden sind Daten und andere pers\u00f6nliche Informationen.<\/p>\n<h3><strong>Weitergabe von Daten<\/strong><\/h3>\n<p>Rechtliche Anforderungen<br \/>\nTimberTek kann Ihre pers\u00f6nlichen Daten im guten Glauben offenlegen, dass eine solche Aktion erforderlich ist, um:<\/p>\n<p>Um einer gesetzlichen Verpflichtung nachzukommen<br \/>\nZum Schutz und zur Verteidigung der Rechte oder des Eigentums von TimberTek<br \/>\nUm m\u00f6gliche Fehlverhalten im Zusammenhang mit dem Service zu verhindern oder zu untersuchen<br \/>\nZum Schutz der pers\u00f6nlichen Sicherheit der Nutzer des Dienstes oder der \u00d6ffentlichkeit<br \/>\nZum Schutz vor gesetzlicher Haftung<\/p>\n<h3><strong>Sicherheit von Daten<\/strong><\/h3>\n<p>Die Sicherheit Ihrer Daten ist f\u00fcr uns wichtig, bedenken Sie jedoch, dass keine \u00dcbertragungsmethode \u00fcber das Internet oder elektronische Speichermethode 100% sicher ist. Obwohl wir bestrebt sind, zum Schutz Ihrer pers\u00f6nlichen Daten kommerziell akzeptable Mittel zu verwenden, k\u00f6nnen wir deren absolute Sicherheit nicht garantieren.<\/p>\n<h3><strong>Dienstleister<\/strong><\/h3>\n<p>Wir k\u00f6nnen Drittfirmen und Einzelpersonen besch\u00e4ftigen, um unseren Service zu vereinfachen (\u201eServiceanbieter\u201c), den Service in unserem Namen zu erbringen, Service-bezogene Services zu erbringen oder uns bei der Analyse der Nutzung unseres Service zu unterst\u00fctzen.<\/p>\n<p>Diese Dritten haben nur Zugriff auf Ihre personenbezogenen Daten, um diese Aufgaben in unserem Namen zu erledigen, und sind verpflichtet, sie nicht f\u00fcr andere Zwecke offenzulegen oder zu verwenden.<\/p>\n<h3><strong>Analytics<\/strong><\/h3>\n<p>Wir k\u00f6nnen Drittanbieter-Dienstanbieter verwenden, um die Nutzung unseres Dienstes zu \u00fcberwachen und zu analysieren.<\/p>\n<p>Google Analytics<\/p>\n<p>Google Analytics ist ein von Google angebotener Webanalysedienst, der den Website-Verkehr aufzeichnet und meldet. Google verwendet die erhobenen Daten, um die Nutzung unseres Dienstes zu verfolgen und zu \u00fcberwachen. Diese Daten werden mit anderen Google-Diensten geteilt. Google kann die gesammelten Daten verwenden, um die Anzeigen seines eigenen Werbenetzwerks zu kontextualisieren und zu personalisieren.<\/p>\n<p>Sie k\u00f6nnen es ablehnen, Ihre Aktivit\u00e4ten f\u00fcr den Service f\u00fcr Google Analytics verf\u00fcgbar zu machen, indem Sie das Browser-Add-On f\u00fcr Google Analytics deaktivieren. Das Add-On verhindert, dass das Google Analytics-JavaScript (ga.js, analytics.js und dc.js) Informationen \u00fcber Google Analytics \u00fcber Besuchsaktivit\u00e4ten freigibt.<\/p>\n<p>Wir haben keine Kontrolle \u00fcber die Inhalte, Datenschutzrichtlinien oder -praktiken von Websites oder Diensten Dritter.<\/p>\n<h3><strong>Links zu anderen Websites<\/strong><\/h3>\n<p>Unser Service kann Links zu anderen Websites enthalten, die nicht von uns betrieben werden. Wenn Sie auf den Link eines Drittanbieters klicken, werden Sie zur Website dieses Drittanbieters weitergeleitet. Wir empfehlen Ihnen dringend, die Datenschutzbestimmungen jeder von Ihnen besuchten Website zu \u00fcberpr\u00fcfen.<\/p>\n<p>Wir haben keine Kontrolle \u00fcber die Inhalte, Datenschutzrichtlinien oder -praktiken von Websites oder Diensten Dritter.<\/p>\n<h3><strong>Datenschutz f\u00fcr Kinder<\/strong><\/h3>\n<p>Unser Service richtet sich nicht an Personen unter 18 Jahren (\u201eKinder\u201c).<\/p>\n<p>Wir erfassen wissentlich keine personenbezogenen Daten von Personen unter 18 Jahren. Wenn Sie Elternteil oder Vormund sind und wissen, dass Ihre Kinder uns personenbezogene Daten zur Verf\u00fcgung gestellt haben, setzen Sie sich bitte mit uns in Verbindung. Wenn wir erfahren, dass wir personenbezogene Daten von Kindern ohne \u00dcberpr\u00fcfung der Einwilligung der Eltern erhoben haben, ergreifen wir Schritte, um diese Informationen von unseren Servern zu entfernen.<\/p>\n<h3><strong>\u00c4nderungen dieser Datenschutzrichtlinie<\/strong><\/h3>\n<p>Wir k\u00f6nnen unsere Datenschutzbestimmungen von Zeit zu Zeit aktualisieren. Wir informieren Sie \u00fcber \u00c4nderungen, indem Sie die neuen Datenschutzrichtlinien auf dieser Seite ver\u00f6ffentlichen.<\/p>\n<p>Wir werden Sie vor dem Wirksamwerden der \u00c4nderung per E-Mail und \/ oder einer hervorgehobenen Bekanntmachung \u00fcber unseren Service benachrichtigen und das \u201eDatum des Inkrafttretens\u201c oben in dieser Datenschutzrichtlinie aktualisieren.<\/p>\n<p>Es wird empfohlen, diese Datenschutzrichtlinie regelm\u00e4\u00dfig auf \u00c4nderungen zu \u00fcberpr\u00fcfen. \u00c4nderungen an dieser Datenschutzrichtlinie sind wirksam, wenn sie auf dieser Seite ver\u00f6ffentlicht werden.<\/p>\n<h3><strong>Kontaktiere uns<\/strong><\/h3>\n<p>Wenn Sie Fragen zu dieser Datenschutzerkl\u00e4rung haben, wenden Sie sich bitte an uns:<\/p>\n<p>Per E-Mail: info@timbertek.eu<\/p>\n","protected":false},"excerpt":{"rendered":"<div class=\"row\">\n<div class=\"col-md-6\">\n<div class=\"headtext-title-contacts\">\n<h1><b>Unsere Datenschutzerkl\u00e4rung<\/b><\/h1>\n<\/div>\n<\/div>\n<\/div>\n","protected":false},"author":1,"featured_media":755,"parent":0,"menu_order":0,"comment_status":"closed","ping_status":"open","template":"","meta":{"footnotes":""},"class_list":["post-824","page","type-page","status-publish","has-post-thumbnail","hentry"],"_links":{"self":[{"href":"https:\/\/timbertek.eu\/de\/wp-json\/wp\/v2\/pages\/824","targetHints":{"allow":["GET"]}}],"collection":[{"href":"https:\/\/timbertek.eu\/de\/wp-json\/wp\/v2\/pages"}],"about":[{"href":"https:\/\/timbertek.eu\/de\/wp-json\/wp\/v2\/types\/page"}],"author":[{"embeddable":true,"href":"https:\/\/timbertek.eu\/de\/wp-json\/wp\/v2\/users\/1"}],"replies":[{"embeddable":true,"href":"https:\/\/timbertek.eu\/de\/wp-json\/wp\/v2\/comments?post=824"}],"version-history":[{"count":1,"href":"https:\/\/timbertek.eu\/de\/wp-json\/wp\/v2\/pages\/824\/revisions"}],"predecessor-version":[{"id":825,"href":"https:\/\/timbertek.eu\/de\/wp-json\/wp\/v2\/pages\/824\/revisions\/825"}],"wp:featuredmedia":[{"embeddable":true,"href":"https:\/\/timbertek.eu\/de\/wp-json\/wp\/v2\/media\/755"}],"wp:attachment":[{"href":"https:\/\/timbertek.eu\/de\/wp-json\/wp\/v2\/media?parent=824"}],"curies":[{"name":"wp","href":"https:\/\/api.w.org\/{rel}","templated":true}]}}