{"id":741,"date":"2018-11-04T10:15:51","date_gmt":"2018-11-04T10:15:51","guid":{"rendered":"http:\/\/timbertek.eu\/?page_id=741"},"modified":"2025-06-12T11:47:40","modified_gmt":"2025-06-12T10:47:40","slug":"partnership","status":"publish","type":"page","link":"https:\/\/timbertek.eu\/fi\/partnership\/","title":{"rendered":"Kumppanuus"},"content":{"rendered":"","protected":false},"excerpt":{"rendered":"<div class=\"row\">\n<div class=\"col-md-6\">\n<div class=\"headtext-title\">TULKAA J\u00c4LLEENMYYJ\u00c4KSEMME<\/div>\n<div class=\"headtext-text\">Hyvin harvat asiat voivat est\u00e4\u00e4 yrityksesi menestymisen, kun sinulla on vahva kumppani taustatukenasi. Yrityksemme vaalii kumppaneitaan ja olemme ylpeit\u00e4 luottamuksesta, jota he osoittavat meihin. Siksi pyrimme tarjoamaan kumppaneillemme nopeaa ja t\u00e4sm\u00e4llist\u00e4 tukea miss\u00e4 tahansa maailmassa. Tyytyv\u00e4isten kumppaniemme joukko laajenee nopeasti, ja meille olisi kunnia saada teid\u00e4tkin kumppaniksemme matkallamme menestykseen!<\/div>\n<\/div>\n<\/div>\n","protected":false},"author":1,"featured_media":531,"parent":0,"menu_order":0,"comment_status":"closed","ping_status":"closed","template":"template-partnership.php","meta":{"footnotes":""},"class_list":["post-741","page","type-page","status-publish","has-post-thumbnail","hentry"],"_links":{"self":[{"href":"https:\/\/timbertek.eu\/fi\/wp-json\/wp\/v2\/pages\/741","targetHints":{"allow":["GET"]}}],"collection":[{"href":"https:\/\/timbertek.eu\/fi\/wp-json\/wp\/v2\/pages"}],"about":[{"href":"https:\/\/timbertek.eu\/fi\/wp-json\/wp\/v2\/types\/page"}],"author":[{"embeddable":true,"href":"https:\/\/timbertek.eu\/fi\/wp-json\/wp\/v2\/users\/1"}],"replies":[{"embeddable":true,"href":"https:\/\/timbertek.eu\/fi\/wp-json\/wp\/v2\/comments?post=741"}],"version-history":[{"count":4,"href":"https:\/\/timbertek.eu\/fi\/wp-json\/wp\/v2\/pages\/741\/revisions"}],"predecessor-version":[{"id":1059,"href":"https:\/\/timbertek.eu\/fi\/wp-json\/wp\/v2\/pages\/741\/revisions\/1059"}],"wp:featuredmedia":[{"embeddable":true,"href":"https:\/\/timbertek.eu\/fi\/wp-json\/wp\/v2\/media\/531"}],"wp:attachment":[{"href":"https:\/\/timbertek.eu\/fi\/wp-json\/wp\/v2\/media?parent=741"}],"curies":[{"name":"wp","href":"https:\/\/api.w.org\/{rel}","templated":true}]}}