{"id":750,"date":"2018-11-04T10:18:25","date_gmt":"2018-11-04T10:18:25","guid":{"rendered":"http:\/\/timbertek.eu\/?page_id=750"},"modified":"2025-06-13T08:35:08","modified_gmt":"2025-06-13T07:35:08","slug":"contacts","status":"publish","type":"page","link":"https:\/\/timbertek.eu\/fi\/contacts\/","title":{"rendered":"Contacts"},"content":{"rendered":"","protected":false},"excerpt":{"rendered":"<div class=\"row justify-content-center\" style=\"text-align: center;\">\n<div class=\"col-md-6\">\n<div class=\"headtext-title-contacts\">\n<div style=\"color: white; font-size: 24px; font-weight: 600;\">\n        Myyntivastaavamme antavat sinulle kaikki tiedot myynnin <br \/> ja koko k\u00e4ytt\u00f6i\u00e4n aikana.\n      <\/div>\n<\/p><\/div>\n<\/p><\/div>\n<\/div>\n","protected":false},"author":1,"featured_media":531,"parent":0,"menu_order":0,"comment_status":"closed","ping_status":"closed","template":"template-contacts.php","meta":{"footnotes":""},"class_list":["post-750","page","type-page","status-publish","has-post-thumbnail","hentry"],"_links":{"self":[{"href":"https:\/\/timbertek.eu\/fi\/wp-json\/wp\/v2\/pages\/750","targetHints":{"allow":["GET"]}}],"collection":[{"href":"https:\/\/timbertek.eu\/fi\/wp-json\/wp\/v2\/pages"}],"about":[{"href":"https:\/\/timbertek.eu\/fi\/wp-json\/wp\/v2\/types\/page"}],"author":[{"embeddable":true,"href":"https:\/\/timbertek.eu\/fi\/wp-json\/wp\/v2\/users\/1"}],"replies":[{"embeddable":true,"href":"https:\/\/timbertek.eu\/fi\/wp-json\/wp\/v2\/comments?post=750"}],"version-history":[{"count":3,"href":"https:\/\/timbertek.eu\/fi\/wp-json\/wp\/v2\/pages\/750\/revisions"}],"predecessor-version":[{"id":1120,"href":"https:\/\/timbertek.eu\/fi\/wp-json\/wp\/v2\/pages\/750\/revisions\/1120"}],"wp:featuredmedia":[{"embeddable":true,"href":"https:\/\/timbertek.eu\/fi\/wp-json\/wp\/v2\/media\/531"}],"wp:attachment":[{"href":"https:\/\/timbertek.eu\/fi\/wp-json\/wp\/v2\/media?parent=750"}],"curies":[{"name":"wp","href":"https:\/\/api.w.org\/{rel}","templated":true}]}}