{"id":365,"date":"2018-08-20T14:40:38","date_gmt":"2018-08-20T13:40:38","guid":{"rendered":"http:\/\/timbertek.eu\/home-2\/"},"modified":"2018-09-05T13:50:59","modified_gmt":"2018-09-05T12:50:59","slug":"home-2","status":"publish","type":"page","link":"https:\/\/timbertek.eu\/lt\/","title":{"rendered":"Home"},"content":{"rendered":"","protected":false},"excerpt":{"rendered":"<div class=\"row\">\n<div class=\"col-md-6 offset-md-6\">\n<h2 class=\"slogan-text\">Modernus mi\u0161kininkas<\/h2>\n<p class=\"subslogan-text\">Mi\u0161kove\u017eio antstatai j\u016bs\u0173 verslui<\/p>\n<\/div>\n<\/div>\n","protected":false},"author":1,"featured_media":352,"parent":0,"menu_order":0,"comment_status":"closed","ping_status":"closed","template":"template-homepage.php","meta":{"footnotes":""},"class_list":["post-365","page","type-page","status-publish","has-post-thumbnail","hentry"],"_links":{"self":[{"href":"https:\/\/timbertek.eu\/lt\/wp-json\/wp\/v2\/pages\/365","targetHints":{"allow":["GET"]}}],"collection":[{"href":"https:\/\/timbertek.eu\/lt\/wp-json\/wp\/v2\/pages"}],"about":[{"href":"https:\/\/timbertek.eu\/lt\/wp-json\/wp\/v2\/types\/page"}],"author":[{"embeddable":true,"href":"https:\/\/timbertek.eu\/lt\/wp-json\/wp\/v2\/users\/1"}],"replies":[{"embeddable":true,"href":"https:\/\/timbertek.eu\/lt\/wp-json\/wp\/v2\/comments?post=365"}],"version-history":[{"count":2,"href":"https:\/\/timbertek.eu\/lt\/wp-json\/wp\/v2\/pages\/365\/revisions"}],"predecessor-version":[{"id":377,"href":"https:\/\/timbertek.eu\/lt\/wp-json\/wp\/v2\/pages\/365\/revisions\/377"}],"wp:featuredmedia":[{"embeddable":true,"href":"https:\/\/timbertek.eu\/lt\/wp-json\/wp\/v2\/media\/352"}],"wp:attachment":[{"href":"https:\/\/timbertek.eu\/lt\/wp-json\/wp\/v2\/media?parent=365"}],"curies":[{"name":"wp","href":"https:\/\/api.w.org\/{rel}","templated":true}]}}