{"id":384,"date":"2018-09-05T14:25:13","date_gmt":"2018-09-05T13:25:13","guid":{"rendered":"http:\/\/timbertek.eu\/?page_id=384"},"modified":"2025-06-13T08:50:57","modified_gmt":"2025-06-13T07:50:57","slug":"technology","status":"publish","type":"page","link":"https:\/\/timbertek.eu\/lt\/technology\/","title":{"rendered":"Technology"},"content":{"rendered":"","protected":false},"excerpt":{"rendered":"<div class=\"row justify-content-center text-center\">\n<div class=\"col-md-6\">\n<h2 class=\"slogan-text\">Modernus mi\u0161kininkas<\/h2>\n<p class=\"subslogan-text\">Mi\u0161kove\u017eio antstatai j\u016bs\u0173 verslui<\/p>\n<\/p><\/div>\n<\/div>\n","protected":false},"author":1,"featured_media":326,"parent":0,"menu_order":0,"comment_status":"closed","ping_status":"closed","template":"template-technology.php","meta":{"footnotes":""},"class_list":["post-384","page","type-page","status-publish","has-post-thumbnail","hentry"],"_links":{"self":[{"href":"https:\/\/timbertek.eu\/lt\/wp-json\/wp\/v2\/pages\/384","targetHints":{"allow":["GET"]}}],"collection":[{"href":"https:\/\/timbertek.eu\/lt\/wp-json\/wp\/v2\/pages"}],"about":[{"href":"https:\/\/timbertek.eu\/lt\/wp-json\/wp\/v2\/types\/page"}],"author":[{"embeddable":true,"href":"https:\/\/timbertek.eu\/lt\/wp-json\/wp\/v2\/users\/1"}],"replies":[{"embeddable":true,"href":"https:\/\/timbertek.eu\/lt\/wp-json\/wp\/v2\/comments?post=384"}],"version-history":[{"count":2,"href":"https:\/\/timbertek.eu\/lt\/wp-json\/wp\/v2\/pages\/384\/revisions"}],"predecessor-version":[{"id":1125,"href":"https:\/\/timbertek.eu\/lt\/wp-json\/wp\/v2\/pages\/384\/revisions\/1125"}],"wp:featuredmedia":[{"embeddable":true,"href":"https:\/\/timbertek.eu\/lt\/wp-json\/wp\/v2\/media\/326"}],"wp:attachment":[{"href":"https:\/\/timbertek.eu\/lt\/wp-json\/wp\/v2\/media?parent=384"}],"curies":[{"name":"wp","href":"https:\/\/api.w.org\/{rel}","templated":true}]}}