{"id":397,"date":"2018-09-05T14:36:12","date_gmt":"2018-09-05T13:36:12","guid":{"rendered":"http:\/\/timbertek.eu\/?page_id=397"},"modified":"2025-06-13T08:44:43","modified_gmt":"2025-06-13T07:44:43","slug":"kontaktai","status":"publish","type":"page","link":"https:\/\/timbertek.eu\/lt\/kontaktai\/","title":{"rendered":"Kontaktai"},"content":{"rendered":"","protected":false},"excerpt":{"rendered":"<div class=\"row justify-content-center\" style=\"text-align: center;\">\n<div class=\"col-md-6\">\n<div class=\"headtext-title-contacts\">\n<div style=\"color: white; font-size: 24px; font-weight: 600;\">\n        M\u016bs\u0173 vadybininkai suteiks jums vis\u0105 informacij\u0105 <br \/> pardavimo ir eksploatavimo laikotarpiu.\n      <\/div>\n<\/p><\/div>\n<\/p><\/div>\n<\/div>\n","protected":false},"author":1,"featured_media":326,"parent":0,"menu_order":0,"comment_status":"closed","ping_status":"closed","template":"template-contacts.php","meta":{"footnotes":""},"class_list":["post-397","page","type-page","status-publish","has-post-thumbnail","hentry"],"_links":{"self":[{"href":"https:\/\/timbertek.eu\/lt\/wp-json\/wp\/v2\/pages\/397","targetHints":{"allow":["GET"]}}],"collection":[{"href":"https:\/\/timbertek.eu\/lt\/wp-json\/wp\/v2\/pages"}],"about":[{"href":"https:\/\/timbertek.eu\/lt\/wp-json\/wp\/v2\/types\/page"}],"author":[{"embeddable":true,"href":"https:\/\/timbertek.eu\/lt\/wp-json\/wp\/v2\/users\/1"}],"replies":[{"embeddable":true,"href":"https:\/\/timbertek.eu\/lt\/wp-json\/wp\/v2\/comments?post=397"}],"version-history":[{"count":2,"href":"https:\/\/timbertek.eu\/lt\/wp-json\/wp\/v2\/pages\/397\/revisions"}],"predecessor-version":[{"id":1119,"href":"https:\/\/timbertek.eu\/lt\/wp-json\/wp\/v2\/pages\/397\/revisions\/1119"}],"wp:featuredmedia":[{"embeddable":true,"href":"https:\/\/timbertek.eu\/lt\/wp-json\/wp\/v2\/media\/326"}],"wp:attachment":[{"href":"https:\/\/timbertek.eu\/lt\/wp-json\/wp\/v2\/media?parent=397"}],"curies":[{"name":"wp","href":"https:\/\/api.w.org\/{rel}","templated":true}]}}