{"id":405,"date":"2018-09-05T15:00:38","date_gmt":"2018-09-05T14:00:38","guid":{"rendered":"http:\/\/timbertek.eu\/?page_id=405"},"modified":"2025-06-13T08:56:27","modified_gmt":"2025-06-13T07:56:27","slug":"history","status":"publish","type":"page","link":"https:\/\/timbertek.eu\/lt\/history\/","title":{"rendered":"History"},"content":{"rendered":"<h1><strong>Kaip atsirado TimberTek<\/strong><\/h1>\n<p>Prie\u0161 pradedant TimberTek gamyb\u0105, s\u0117kmingai dirbanti \u012fmon\u0117 KMT sukaup\u0117 ilg\u0105 ir \u012fdomi\u0105 istorji\u0105. Nuo pat savo veiklos prad\u017eios 2003 m. KMT stipriai i\u0161sipl\u0117t\u0117 ir steng\u0117si tapti ne tik lyderiu gamyboje, bet ir b\u016bti s\u0105\u017eininga, visame pasaulyje \u017einom\u0173 preki\u0173 \u017eenkl\u0173 atstove.<\/p>\n<p>Daug sunkaus darbo met\u0173 \u012fd\u0117j\u0119, mes i\u0161tobulinome savo produkt\u0173 gamyb\u0105 ir specifikacij\u0105. \u0160pasiek\u0117me gamini\u0173 auk\u0161t\u0105 kokyb\u0119. \u0160iandien mes did\u017eiuojam\u0117s gal\u0117dami pasakyti, kad pasiek\u0117me auk\u0161tus kokyb\u0117s standartus, apie kuriuos svajojome, bet ne\u017eadame sustoti.<\/p>\n<p class=\"western\">Mes tikime, kad verslas yra tik toks pat geras, kaip ir jam keliami tikslai, tod\u0117l kiekvienam klientui, kuris pasirenka mus kaip savo partnerius, pa\u017eadame kokyb\u0119. Kvie\u010diame susipa\u017einti su KMT istorija ir kaip TimberTek tapo jos dalimi.<\/p>\n\n\n<p><\/p>\n","protected":false},"excerpt":{"rendered":"<div class=\"row\">\n<div class=\"col-12 text-center\">\n<h2 class=\"slogan-text\">Modernus mi\u0161kininkas<\/h2>\n<p class=\"subslogan-text\">Mi\u0161kove\u017eio antstatai j\u016bs\u0173 verslui<\/p>\n<\/p><\/div>\n<\/div>\n","protected":false},"author":1,"featured_media":326,"parent":0,"menu_order":0,"comment_status":"closed","ping_status":"closed","template":"template-history.php","meta":{"footnotes":""},"class_list":["post-405","page","type-page","status-publish","has-post-thumbnail","hentry"],"_links":{"self":[{"href":"https:\/\/timbertek.eu\/lt\/wp-json\/wp\/v2\/pages\/405","targetHints":{"allow":["GET"]}}],"collection":[{"href":"https:\/\/timbertek.eu\/lt\/wp-json\/wp\/v2\/pages"}],"about":[{"href":"https:\/\/timbertek.eu\/lt\/wp-json\/wp\/v2\/types\/page"}],"author":[{"embeddable":true,"href":"https:\/\/timbertek.eu\/lt\/wp-json\/wp\/v2\/users\/1"}],"replies":[{"embeddable":true,"href":"https:\/\/timbertek.eu\/lt\/wp-json\/wp\/v2\/comments?post=405"}],"version-history":[{"count":3,"href":"https:\/\/timbertek.eu\/lt\/wp-json\/wp\/v2\/pages\/405\/revisions"}],"predecessor-version":[{"id":1132,"href":"https:\/\/timbertek.eu\/lt\/wp-json\/wp\/v2\/pages\/405\/revisions\/1132"}],"wp:featuredmedia":[{"embeddable":true,"href":"https:\/\/timbertek.eu\/lt\/wp-json\/wp\/v2\/media\/326"}],"wp:attachment":[{"href":"https:\/\/timbertek.eu\/lt\/wp-json\/wp\/v2\/media?parent=405"}],"curies":[{"name":"wp","href":"https:\/\/api.w.org\/{rel}","templated":true}]}}