{"id":757,"date":"2018-11-04T14:35:41","date_gmt":"2018-11-04T14:35:41","guid":{"rendered":"http:\/\/timbertek.eu\/?page_id=757"},"modified":"2025-06-13T08:37:00","modified_gmt":"2025-06-13T07:37:00","slug":"contacts","status":"publish","type":"page","link":"https:\/\/timbertek.eu\/sv\/contacts\/","title":{"rendered":"Contacts"},"content":{"rendered":"","protected":false},"excerpt":{"rendered":"<div class=\"row justify-content-center\" style=\"text-align: center;\">\n<div class=\"col-md-6\">\n<div class=\"headtext-title-contacts\">\n<div style=\"color: white; font-size: 24px; font-weight: 600;\">\n        V\u00e5ra agenter kommer att ge dig all information <br \/> under perioden f\u00f6r f\u00f6rs\u00e4ljning och anv\u00e4ndning.\n      <\/div>\n<\/p><\/div>\n<\/p><\/div>\n<\/div>\n","protected":false},"author":1,"featured_media":723,"parent":0,"menu_order":0,"comment_status":"closed","ping_status":"closed","template":"template-contacts.php","meta":{"footnotes":""},"class_list":["post-757","page","type-page","status-publish","has-post-thumbnail","hentry"],"_links":{"self":[{"href":"https:\/\/timbertek.eu\/sv\/wp-json\/wp\/v2\/pages\/757","targetHints":{"allow":["GET"]}}],"collection":[{"href":"https:\/\/timbertek.eu\/sv\/wp-json\/wp\/v2\/pages"}],"about":[{"href":"https:\/\/timbertek.eu\/sv\/wp-json\/wp\/v2\/types\/page"}],"author":[{"embeddable":true,"href":"https:\/\/timbertek.eu\/sv\/wp-json\/wp\/v2\/users\/1"}],"replies":[{"embeddable":true,"href":"https:\/\/timbertek.eu\/sv\/wp-json\/wp\/v2\/comments?post=757"}],"version-history":[{"count":3,"href":"https:\/\/timbertek.eu\/sv\/wp-json\/wp\/v2\/pages\/757\/revisions"}],"predecessor-version":[{"id":1123,"href":"https:\/\/timbertek.eu\/sv\/wp-json\/wp\/v2\/pages\/757\/revisions\/1123"}],"wp:featuredmedia":[{"embeddable":true,"href":"https:\/\/timbertek.eu\/sv\/wp-json\/wp\/v2\/media\/723"}],"wp:attachment":[{"href":"https:\/\/timbertek.eu\/sv\/wp-json\/wp\/v2\/media?parent=757"}],"curies":[{"name":"wp","href":"https:\/\/api.w.org\/{rel}","templated":true}]}}